{"id":11,"date":"2018-08-12T21:01:06","date_gmt":"2018-08-13T00:01:06","guid":{"rendered":"http:\/\/institutocegossantaluzia.com.br\/home\/?page_id=11"},"modified":"2026-03-27T02:43:56","modified_gmt":"2026-03-27T05:43:56","slug":"deficiencia-visual","status":"publish","type":"page","link":"https:\/\/www.institutocegossantaluzia.com.br\/home\/deficiencia-visual\/","title":{"rendered":"DEFICI\u00caNCIA VISUAL"},"content":{"rendered":"<p><em>Para saber um pouco mais sobre a defici\u00eancia visual, defini\u00e7\u00f5es e causas:<\/em><\/p>\n<p><strong>DEFICI\u00caNCIA VISUAL<\/strong><\/p>\n<p>\u00c9 o comprometimento parcial (de 40 a 60%) ou total da vis\u00e3o. N\u00e3o s\u00e3o deficientes visuais pessoas com doen\u00e7as como miopia, astigmatismo ou hipermetropia, que podem ser corrigidas com o uso de lentes ou em cirurgias.<\/p>\n<p>Segundo crit\u00e9rios estabelecidos pela Organiza\u00e7\u00e3o Mundial da Sa\u00fade (OMS) os diferentes graus de defici\u00eancia visual podem ser classificados em:<\/p>\n<p>&#8211; Baixa vis\u00e3o (leve, moderada ou profunda): compensada com o uso de lentes de aumento, lupas, telesc\u00f3pios, com o aux\u00edlio de bengalas e de treinamentos de orienta\u00e7\u00e3o.<\/p>\n<p>&#8211; Pr\u00f3ximo \u00e0 cegueira: quando a pessoa ainda \u00e9 capaz de distinguir luz e sombra, mas j\u00e1 emprega o sistema braile para ler e escrever, utiliza recursos de voz para acessar programas de computador, locomove-se com a bengala e precisa de treinamentos de orienta\u00e7\u00e3o e de mobilidade.<\/p>\n<p>&#8211; Cegueira: quando n\u00e3o existe qualquer percep\u00e7\u00e3o de luz. O sistema braile, a bengala e os treinamentos de orienta\u00e7\u00e3o e de mobilidade, nesse caso, s\u00e3o fundamentais.<\/p>\n<p>O diagn\u00f3stico de defici\u00eancia visual pode ser feito muito cedo, exceto nos casos de doen\u00e7as degenerativas como a catarata e o glaucoma, que evoluem com o passar dos anos.<\/p>\n<p><strong>CAUSAS<\/strong><\/p>\n<p>De maneira gen\u00e9rica, podemos considerar que nos pa\u00edses em desenvolvimento as principais causas s\u00e3o infecciosas, nutricionais, traum\u00e1ticas e causadas por doen\u00e7as como as cataratas. Nos pa\u00edses desenvolvidos s\u00e3o mais importantes as causas gen\u00e9ticas e degenerativas. As causas podem ser divididas tamb\u00e9m em: cong\u00eanitas ou adquiridas.<\/p>\n<p>Causas cong\u00eanitas: amaurose cong\u00eanita de Leber, malforma\u00e7\u00f5es oculares, glaucoma cong\u00eanito, catarata cong\u00eanita.<\/p>\n<p>Causas adquiridas: traumas oculares, catarata, degenera\u00e7\u00e3o senil de m\u00e1cula, glaucoma, altera\u00e7\u00f5es retinianas relacionadas \u00e0 hipertens\u00e3o arterial ou diabetes.<\/p>\n<p><strong>FATORES DE RISCO<\/strong><\/p>\n<p>Hist\u00f3rico familiar de defici\u00eancia visual por doen\u00e7as de car\u00e1ter heredit\u00e1rio: por exemplo glaucoma.<br \/>\nHist\u00f3rico pessoal de diabetes, hipertens\u00e3o arterial e outras doen\u00e7as sist\u00eamicas que podem levar a comprometimento visual, por exemplo: esclerose m\u00faltipla.<br \/>\nSenilidade, por exemplo: catarata, degenera\u00e7\u00e3o senil de m\u00e1cula.<br \/>\nN\u00e3o realiza\u00e7\u00e3o de cuidados pr\u00e9-natais e prematuridade.<br \/>\nN\u00e3o utiliza\u00e7\u00e3o de \u00f3culos de prote\u00e7\u00e3o durante a realiza\u00e7\u00e3o de determinadas tarefas (por exemplo durante o uso de solda el\u00e9trica).<br \/>\nN\u00e3o imuniza\u00e7\u00e3o contra rub\u00e9ola da popula\u00e7\u00e3o feminina em idade reprodutiva, o que pode levar a uma maior chance de rub\u00e9ola cong\u00eanita e conseq\u00fcente acometimento visual.<\/p>\n","protected":false},"excerpt":{"rendered":"<p>Para saber um pouco mais sobre a defici\u00eancia visual, defini\u00e7\u00f5es e causas: DEFICI\u00caNCIA VISUAL \u00c9 o comprometimento parcial (de 40 a 60%) ou total da vis\u00e3o. N\u00e3o s\u00e3o deficientes visuais pessoas com doen\u00e7as como miopia, astigmatismo ou hipermetropia, que podem ser corrigidas com o uso de lentes ou em cirurgias. Segundo crit\u00e9rios estabelecidos pela Organiza\u00e7\u00e3o [&hellip;]<\/p>\n","protected":false},"author":1,"featured_media":333,"parent":0,"menu_order":0,"comment_status":"closed","ping_status":"closed","template":"","meta":{"ngg_post_thumbnail":0,"footnotes":""},"class_list":["post-11","page","type-page","status-publish","has-post-thumbnail","hentry"],"_links":{"self":[{"href":"https:\/\/www.institutocegossantaluzia.com.br\/home\/wp-json\/wp\/v2\/pages\/11","targetHints":{"allow":["GET"]}}],"collection":[{"href":"https:\/\/www.institutocegossantaluzia.com.br\/home\/wp-json\/wp\/v2\/pages"}],"about":[{"href":"https:\/\/www.institutocegossantaluzia.com.br\/home\/wp-json\/wp\/v2\/types\/page"}],"author":[{"embeddable":true,"href":"https:\/\/www.institutocegossantaluzia.com.br\/home\/wp-json\/wp\/v2\/users\/1"}],"replies":[{"embeddable":true,"href":"https:\/\/www.institutocegossantaluzia.com.br\/home\/wp-json\/wp\/v2\/comments?post=11"}],"version-history":[{"count":1,"href":"https:\/\/www.institutocegossantaluzia.com.br\/home\/wp-json\/wp\/v2\/pages\/11\/revisions"}],"predecessor-version":[{"id":912,"href":"https:\/\/www.institutocegossantaluzia.com.br\/home\/wp-json\/wp\/v2\/pages\/11\/revisions\/912"}],"wp:featuredmedia":[{"embeddable":true,"href":"https:\/\/www.institutocegossantaluzia.com.br\/home\/wp-json\/wp\/v2\/media\/333"}],"wp:attachment":[{"href":"https:\/\/www.institutocegossantaluzia.com.br\/home\/wp-json\/wp\/v2\/media?parent=11"}],"curies":[{"name":"wp","href":"https:\/\/api.w.org\/{rel}","templated":true}]}}