{"id":244,"date":"2019-08-08T13:40:12","date_gmt":"2019-08-08T16:40:12","guid":{"rendered":"http:\/\/www.institutocegossantaluzia.com.br\/home\/?page_id=244"},"modified":"2025-05-15T20:26:35","modified_gmt":"2025-05-15T23:26:35","slug":"prestacao-de-contas","status":"publish","type":"page","link":"https:\/\/www.institutocegossantaluzia.com.br\/home\/prestacao-de-contas\/","title":{"rendered":"PRESTA\u00c7\u00c3O DE CONTAS"},"content":{"rendered":"<p><a href=\"https:\/\/www.institutocegossantaluzia.com.br\/home\/prestacao-de-contas-2025\/\">PRESTA\u00c7\u00c3O DE CONTAS 2025<\/a><\/p>\n<p><a href=\"https:\/\/www.institutocegossantaluzia.com.br\/home\/prestacao-de-contas-2024\/\">PRESTA\u00c7\u00c3O DE CONTAS 2024<\/a><\/p>\n<p><a href=\"https:\/\/www.institutocegossantaluzia.com.br\/home\/prestacao-de-contas-2023\">PRESTA\u00c7\u00c3O DE CONTAS 2023<\/a><\/p>\n<p><a href=\"https:\/\/www.institutocegossantaluzia.com.br\/home\/prestacao-de-contas-2022\">PRESTA\u00c7\u00c3O DE CONTAS 2022<\/a><\/p>\n<p><a href=\"http:\/\/www.institutocegossantaluzia.com.br\/home\/prestacao-de-contas-2021\/\" target=\"_self\" rel=\"noopener noreferrer\">PRESTA\u00c7\u00c3O DE CONTAS 2021<\/a><\/p>\n<p><a href=\"http:\/\/www.institutocegossantaluzia.com.br\/home\/prestacao-de-contas-2020\/\" target=\"_self\" rel=\"noopener noreferrer\">PRESTA\u00c7\u00c3O DE CONTAS 2020<\/a><\/p>\n<p><a href=\"http:\/\/www.institutocegossantaluzia.com.br\/home\/prestacao-de-contas-2019\/\" target=\"_self\" rel=\"noopener noreferrer\">PRESTA\u00c7\u00c3O DE CONTAS 2019<\/a><\/p>\n<p><a href=\"http:\/\/www.institutocegossantaluzia.com.br\/home\/prestacao-de-contas-2018\/\" target=\"_self\" rel=\"noopener noreferrer\">PRESTA\u00c7\u00c3O DE CONTAS 2018<\/a><\/p>\n<p><a href=\"http:\/\/www.institutocegossantaluzia.com.br\/home\/prestacao-contas-2017\/\" target=\"_self\" rel=\"noopener noreferrer\">PRESTA\u00c7\u00c3O DE CONTAS 2017<\/a><\/p>\n","protected":false},"excerpt":{"rendered":"<p>PRESTA\u00c7\u00c3O DE CONTAS 2025 PRESTA\u00c7\u00c3O DE CONTAS 2024 PRESTA\u00c7\u00c3O DE CONTAS 2023 PRESTA\u00c7\u00c3O DE CONTAS 2022 PRESTA\u00c7\u00c3O DE CONTAS 2021 PRESTA\u00c7\u00c3O DE CONTAS 2020 PRESTA\u00c7\u00c3O DE CONTAS 2019 PRESTA\u00c7\u00c3O DE CONTAS 2018 PRESTA\u00c7\u00c3O DE CONTAS 2017<\/p>\n","protected":false},"author":1,"featured_media":0,"parent":0,"menu_order":0,"comment_status":"closed","ping_status":"closed","template":"","meta":{"ngg_post_thumbnail":0,"footnotes":""},"class_list":["post-244","page","type-page","status-publish","hentry"],"_links":{"self":[{"href":"https:\/\/www.institutocegossantaluzia.com.br\/home\/wp-json\/wp\/v2\/pages\/244","targetHints":{"allow":["GET"]}}],"collection":[{"href":"https:\/\/www.institutocegossantaluzia.com.br\/home\/wp-json\/wp\/v2\/pages"}],"about":[{"href":"https:\/\/www.institutocegossantaluzia.com.br\/home\/wp-json\/wp\/v2\/types\/page"}],"author":[{"embeddable":true,"href":"https:\/\/www.institutocegossantaluzia.com.br\/home\/wp-json\/wp\/v2\/users\/1"}],"replies":[{"embeddable":true,"href":"https:\/\/www.institutocegossantaluzia.com.br\/home\/wp-json\/wp\/v2\/comments?post=244"}],"version-history":[{"count":0,"href":"https:\/\/www.institutocegossantaluzia.com.br\/home\/wp-json\/wp\/v2\/pages\/244\/revisions"}],"wp:attachment":[{"href":"https:\/\/www.institutocegossantaluzia.com.br\/home\/wp-json\/wp\/v2\/media?parent=244"}],"curies":[{"name":"wp","href":"https:\/\/api.w.org\/{rel}","templated":true}]}}