{"id":248,"date":"2019-08-08T13:42:19","date_gmt":"2019-08-08T16:42:19","guid":{"rendered":"http:\/\/www.institutocegossantaluzia.com.br\/home\/?page_id=248"},"modified":"2025-08-17T22:47:03","modified_gmt":"2025-08-18T01:47:03","slug":"termo-de-colaboracao","status":"publish","type":"page","link":"https:\/\/www.institutocegossantaluzia.com.br\/home\/termo-de-colaboracao\/","title":{"rendered":"TERMO DE COLABORA\u00c7\u00c3O"},"content":{"rendered":"<p><a href=\"https:\/\/www.institutocegossantaluzia.com.br\/home\/wp-content\/uploads\/2025\/08\/Termo-de-Fomento-036-2025-Vereador-Gilberto-Mantovani.pdf\" target=\"_blank\" rel=\"noopener\">TERMO DE FOMENTO 036-2025 VEREADOR GILBERTO MANTOVANI<\/a><\/p>\n<p><a href=\"https:\/\/www.institutocegossantaluzia.com.br\/home\/wp-content\/uploads\/2025\/08\/Termo-de-Fomento-012-2025-Vereador-Lucas-Zanatta.pdf\" target=\"_blank\" rel=\"noopener\">TERMO DE FOMENTO 012-2025 VEREADOR LUCAS ZANATTA<\/a><\/p>\n<p><a href=\"https:\/\/www.institutocegossantaluzia.com.br\/home\/wp-content\/uploads\/2025\/08\/Termo-de-Colaboracao-nr-003-2023-1\u00b0-Apostilamento-2025.pdf\" target=\"_blank\" rel=\"noopener\">TERMO DE COLABORA\u00c7\u00c3O 003-2023 -PRIMEIRO APOSTILAMENTO 2025<\/a><\/p>\n<p><a href=\"https:\/\/www.institutocegossantaluzia.com.br\/home\/wp-content\/uploads\/2024\/01\/TERMO-DE-COLABORACAO-003-2023-ICSL-11.093-INEX.LIC_.-00-2024.pdf\" target=\"_blank\" rel=\"noopener\">TERMO DE COLABORA\u00c7\u00c3O 003-2023 -ICSL-11.093 &#8211; INEX.LIC. 00-2024<\/a><\/p>\n<p><a href=\"https:\/\/www.institutocegossantaluzia.com.br\/home\/wp-content\/uploads\/2023\/01\/TERMO-DE-COLABORACAO-3\u00b0APOSTILAMENTO-2023.pdf\" target=\"_blank\" rel=\"noopener noreferrer\">APOSTILAMENTO 2023<\/a><\/p>\n<p><a href=\"https:\/\/www.institutocegossantaluzia.com.br\/home\/wp-content\/uploads\/2022\/11\/TERMO-DE-COLABORACAO-2\u00b0-APOSTILAMENTO-2022.pdf\" target=\"_blank\" rel=\"noopener noreferrer\">APOSTILAMENTO 2022<\/a><\/p>\n<p><a href=\"https:\/\/www.institutocegossantaluzia.com.br\/home\/wp-content\/uploads\/2021\/12\/TERMO-DE-FOMENTO-005-2021.pdf\" target=\"_blank\" rel=\"noopener noreferrer\">FOMENTO 005 2021<\/a><\/p>\n<p><a href=\"https:\/\/www.institutocegossantaluzia.com.br\/home\/wp-content\/uploads\/2021\/02\/APOSTILAMENTO-2021_compressed.pdf\" target=\"_blank\" rel=\"noopener noreferrer\">APOSTILAMENTO 2021<\/a><\/p>\n<p><a href=\"https:\/\/www.institutocegossantaluzia.com.br\/home\/wp-content\/uploads\/2020\/01\/TERMO-ADITIVO-IPCSL-2020_compressed.pdf\" target=\"_blank\" rel=\"noopener noreferrer\">TERMO DE COLABORA\u00c7\u00c3O 2020 &#8211; ADITIVO AO TERMO 007\/2018<\/a><\/p>\n<p><a href=\"http:\/\/www.institutocegossantaluzia.com.br\/home\/wp-content\/uploads\/2019\/08\/TERMO-COLABORA\u00c7\u00c3O-2019.pdf\" target=\"_blank\" rel=\"noopener noreferrer\">TERMO DE COLABORA\u00c7\u00c3O 2019<\/a><\/p>\n<p><a href=\"http:\/\/www.institutocegossantaluzia.com.br\/home\/wp-content\/uploads\/2018\/08\/TERMO-DE-COLABORA\u00c7\u00c3O-2018-ADITIVO-DO-TERMO-2017.pdf\" target=\"_blank\" rel=\"noopener noreferrer\">TERMO DE COLABORA\u00c7\u00c3O 2018 &#8211; ADITIVO DO TERMO 2017<\/a><\/p>\n<p><a href=\"http:\/\/www.institutocegossantaluzia.com.br\/home\/wp-content\/uploads\/2018\/08\/TERMO-DE-COLABORA\u00c7AO-014-2017.pdf\" target=\"_blank\" rel=\"noopener noreferrer\">TERMO DE COLABORA\u00c7\u00c3O 014-2017<\/a><\/p>\n","protected":false},"excerpt":{"rendered":"<p>TERMO DE FOMENTO 036-2025 VEREADOR GILBERTO MANTOVANI TERMO DE FOMENTO 012-2025 VEREADOR LUCAS ZANATTA TERMO DE COLABORA\u00c7\u00c3O 003-2023 -PRIMEIRO APOSTILAMENTO 2025 TERMO DE COLABORA\u00c7\u00c3O 003-2023 -ICSL-11.093 &#8211; INEX.LIC. 00-2024 APOSTILAMENTO 2023 APOSTILAMENTO 2022 FOMENTO 005 2021 APOSTILAMENTO 2021 TERMO DE COLABORA\u00c7\u00c3O 2020 &#8211; ADITIVO AO TERMO 007\/2018 TERMO DE COLABORA\u00c7\u00c3O 2019 TERMO DE COLABORA\u00c7\u00c3O 2018 [&hellip;]<\/p>\n","protected":false},"author":1,"featured_media":0,"parent":0,"menu_order":0,"comment_status":"closed","ping_status":"closed","template":"","meta":{"ngg_post_thumbnail":0,"footnotes":""},"class_list":["post-248","page","type-page","status-publish","hentry"],"_links":{"self":[{"href":"https:\/\/www.institutocegossantaluzia.com.br\/home\/wp-json\/wp\/v2\/pages\/248","targetHints":{"allow":["GET"]}}],"collection":[{"href":"https:\/\/www.institutocegossantaluzia.com.br\/home\/wp-json\/wp\/v2\/pages"}],"about":[{"href":"https:\/\/www.institutocegossantaluzia.com.br\/home\/wp-json\/wp\/v2\/types\/page"}],"author":[{"embeddable":true,"href":"https:\/\/www.institutocegossantaluzia.com.br\/home\/wp-json\/wp\/v2\/users\/1"}],"replies":[{"embeddable":true,"href":"https:\/\/www.institutocegossantaluzia.com.br\/home\/wp-json\/wp\/v2\/comments?post=248"}],"version-history":[{"count":0,"href":"https:\/\/www.institutocegossantaluzia.com.br\/home\/wp-json\/wp\/v2\/pages\/248\/revisions"}],"wp:attachment":[{"href":"https:\/\/www.institutocegossantaluzia.com.br\/home\/wp-json\/wp\/v2\/media?parent=248"}],"curies":[{"name":"wp","href":"https:\/\/api.w.org\/{rel}","templated":true}]}}