{"id":268,"date":"2019-08-13T13:02:52","date_gmt":"2019-08-13T16:02:52","guid":{"rendered":"http:\/\/www.institutocegossantaluzia.com.br\/home\/?page_id=268"},"modified":"2019-08-13T13:06:04","modified_gmt":"2019-08-13T16:06:04","slug":"prestacao-de-contas-2018","status":"publish","type":"page","link":"https:\/\/www.institutocegossantaluzia.com.br\/home\/prestacao-de-contas-2018\/","title":{"rendered":"PRESTA\u00c7\u00c3O DE CONTAS 2018"},"content":{"rendered":"<p><strong>PRESTA\u00c7\u00c3O CONTAS 2018<\/strong><\/p>\n<p><a href=\"http:\/\/www.institutocegossantaluzia.com.br\/home\/prestacao-de-contas-do-3o-quadrimestre-2018\/\" target=\"_self\" rel=\"noopener noreferrer\">PRESTA\u00c7\u00c3O DE CONTAS DO 3\u00ba QUADRIMESTRE 2018<\/a><\/p>\n<p><a href=\"http:\/\/www.institutocegossantaluzia.com.br\/home\/prestacao-de-contas-do-2o-quadrimestre-2018\/\" target=\"_self\" rel=\"noopener noreferrer\">PRESTA\u00c7\u00c3O DE CONTAS DO 2\u00ba QUADRIMESTRE 2018<\/a><\/p>\n<p><a href=\"http:\/\/www.institutocegossantaluzia.com.br\/home\/prestacao-de-contas-do-1o-quadrimestre-2018\/\" target=\"_self\" rel=\"noopener noreferrer\">PRESTA\u00c7\u00c3O DE CONTAS DO 1\u00ba QUADRIMESTRE 2018<\/a><\/p>\n","protected":false},"excerpt":{"rendered":"<p>PRESTA\u00c7\u00c3O CONTAS 2018 PRESTA\u00c7\u00c3O DE CONTAS DO 3\u00ba QUADRIMESTRE 2018 PRESTA\u00c7\u00c3O DE CONTAS DO 2\u00ba QUADRIMESTRE 2018 PRESTA\u00c7\u00c3O DE CONTAS DO 1\u00ba QUADRIMESTRE 2018<\/p>\n","protected":false},"author":1,"featured_media":0,"parent":0,"menu_order":0,"comment_status":"closed","ping_status":"closed","template":"","meta":{"ngg_post_thumbnail":0,"footnotes":""},"class_list":["post-268","page","type-page","status-publish","hentry"],"_links":{"self":[{"href":"https:\/\/www.institutocegossantaluzia.com.br\/home\/wp-json\/wp\/v2\/pages\/268","targetHints":{"allow":["GET"]}}],"collection":[{"href":"https:\/\/www.institutocegossantaluzia.com.br\/home\/wp-json\/wp\/v2\/pages"}],"about":[{"href":"https:\/\/www.institutocegossantaluzia.com.br\/home\/wp-json\/wp\/v2\/types\/page"}],"author":[{"embeddable":true,"href":"https:\/\/www.institutocegossantaluzia.com.br\/home\/wp-json\/wp\/v2\/users\/1"}],"replies":[{"embeddable":true,"href":"https:\/\/www.institutocegossantaluzia.com.br\/home\/wp-json\/wp\/v2\/comments?post=268"}],"version-history":[{"count":0,"href":"https:\/\/www.institutocegossantaluzia.com.br\/home\/wp-json\/wp\/v2\/pages\/268\/revisions"}],"wp:attachment":[{"href":"https:\/\/www.institutocegossantaluzia.com.br\/home\/wp-json\/wp\/v2\/media?parent=268"}],"curies":[{"name":"wp","href":"https:\/\/api.w.org\/{rel}","templated":true}]}}