{"id":416,"date":"2021-02-22T09:03:40","date_gmt":"2021-02-22T12:03:40","guid":{"rendered":"https:\/\/www.institutocegossantaluzia.com.br\/home\/?page_id=416"},"modified":"2026-03-27T02:31:01","modified_gmt":"2026-03-27T05:31:01","slug":"balanco","status":"publish","type":"page","link":"https:\/\/www.institutocegossantaluzia.com.br\/home\/balanco\/","title":{"rendered":"BALAN\u00c7O PATRIMONIAL"},"content":{"rendered":"<p><a href=\"https:\/\/www.institutocegossantaluzia.com.br\/home\/wp-content\/uploads\/2026\/03\/BALANCO-PATRIMONIAL.pdf\" target=\"_blank\" rel=\"noopener\">BALAN\u00c7O PATRIMONIAL 2025<\/a><\/p>\n<p><a href=\"https:\/\/www.institutocegossantaluzia.com.br\/home\/wp-content\/uploads\/2025\/06\/BALANCO-2024-PUBLICADO.pdf\" target=\"_blank\" rel=\"noopener\">BALAN\u00c7O PATRIMONIAL 2024<\/a><\/p>\n<p><a href=\"https:\/\/www.institutocegossantaluzia.com.br\/home\/wp-content\/uploads\/2024\/04\/BALANCO-2023-PUBLICACAO.pdf\" target=\"_blank\" rel=\"noopener\">BALAN\u00c7O PATRIMONIAL 2023<\/a><\/p>\n<p><a href=\"https:\/\/www.institutocegossantaluzia.com.br\/home\/wp-content\/uploads\/2023\/04\/BALANCO-2022.pdf\" target=\"_blank\" rel=\"noopener\">BALAN\u00c7O PATRIMONIAL 2022<\/a><\/p>\n<p><a href=\"https:\/\/www.institutocegossantaluzia.com.br\/home\/wp-content\/uploads\/2022\/03\/BALANCO-2021-PUBLICACAO.pdf\" target=\"_blank\" rel=\"noopener\">BALAN\u00c7O PATRIMONIAL 2021<\/a><\/p>\n<p><a href=\"https:\/\/www.institutocegossantaluzia.com.br\/home\/wp-content\/uploads\/2021\/04\/BALANCO-PATRIMONIAL-2020.pdf\" target=\"_blank\" rel=\"noopener noreferrer\">BALAN\u00c7O PATRIMONIAL 2020<\/a><\/p>\n<p><a href=\"https:\/\/www.institutocegossantaluzia.com.br\/home\/balanco-patrimonial-2019\/\" rel=\"noopener noreferrer\">BALAN\u00c7O PATRIMONIAL 2019<\/a><\/p>\n<p><a href=\"https:\/\/www.institutocegossantaluzia.com.br\/home\/balanco-patrimonial-2018\/\" rel=\"noopener noreferrer\">BALAN\u00c7O PATRIMONIAL 2018<\/a><\/p>\n","protected":false},"excerpt":{"rendered":"<p>BALAN\u00c7O PATRIMONIAL 2025 BALAN\u00c7O PATRIMONIAL 2024 BALAN\u00c7O PATRIMONIAL 2023 BALAN\u00c7O PATRIMONIAL 2022 BALAN\u00c7O PATRIMONIAL 2021 BALAN\u00c7O PATRIMONIAL 2020 BALAN\u00c7O PATRIMONIAL 2019 BALAN\u00c7O PATRIMONIAL 2018<\/p>\n","protected":false},"author":1,"featured_media":0,"parent":0,"menu_order":0,"comment_status":"closed","ping_status":"closed","template":"","meta":{"ngg_post_thumbnail":0,"footnotes":""},"class_list":["post-416","page","type-page","status-publish","hentry"],"_links":{"self":[{"href":"https:\/\/www.institutocegossantaluzia.com.br\/home\/wp-json\/wp\/v2\/pages\/416","targetHints":{"allow":["GET"]}}],"collection":[{"href":"https:\/\/www.institutocegossantaluzia.com.br\/home\/wp-json\/wp\/v2\/pages"}],"about":[{"href":"https:\/\/www.institutocegossantaluzia.com.br\/home\/wp-json\/wp\/v2\/types\/page"}],"author":[{"embeddable":true,"href":"https:\/\/www.institutocegossantaluzia.com.br\/home\/wp-json\/wp\/v2\/users\/1"}],"replies":[{"embeddable":true,"href":"https:\/\/www.institutocegossantaluzia.com.br\/home\/wp-json\/wp\/v2\/comments?post=416"}],"version-history":[{"count":2,"href":"https:\/\/www.institutocegossantaluzia.com.br\/home\/wp-json\/wp\/v2\/pages\/416\/revisions"}],"predecessor-version":[{"id":894,"href":"https:\/\/www.institutocegossantaluzia.com.br\/home\/wp-json\/wp\/v2\/pages\/416\/revisions\/894"}],"wp:attachment":[{"href":"https:\/\/www.institutocegossantaluzia.com.br\/home\/wp-json\/wp\/v2\/media?parent=416"}],"curies":[{"name":"wp","href":"https:\/\/api.w.org\/{rel}","templated":true}]}}