{"id":426,"date":"2021-02-22T09:12:02","date_gmt":"2021-02-22T12:12:02","guid":{"rendered":"https:\/\/www.institutocegossantaluzia.com.br\/home\/?page_id=426"},"modified":"2021-02-22T09:14:40","modified_gmt":"2021-02-22T12:14:40","slug":"balanco-patrimonial-2019","status":"publish","type":"page","link":"https:\/\/www.institutocegossantaluzia.com.br\/home\/balanco-patrimonial-2019\/","title":{"rendered":"BALAN\u00c7O PATRIMONIAL 2019"},"content":{"rendered":"<p><a href=\"https:\/\/www.institutocegossantaluzia.com.br\/home\/wp-content\/uploads\/2021\/02\/BALANCO-PATR.-PUBL.-JORNAL-2019_compressed.pdf\" target=\"_blank\" rel=\"noreferrer noopener\" data-rich-text-format-boundary=\"true\">BALAN\u00c7O PATRIM\u00d4NIO P\u00daBLICO JORNAL 2019<\/a><\/p>\n<p><a href=\"https:\/\/www.institutocegossantaluzia.com.br\/home\/wp-content\/uploads\/2021\/02\/BALANCO-PATRIMONIAL-31-12-2019_compressed.pdf\" target=\"_blank\" rel=\"noreferrer noopener\" data-rich-text-format-boundary=\"true\">BALAN\u00c7O PATRIMONIAL 31-12-2019<\/a><\/p>\n\n\n<p><\/p>\n","protected":false},"excerpt":{"rendered":"<p>BALAN\u00c7O PATRIM\u00d4NIO P\u00daBLICO JORNAL 2019 BALAN\u00c7O PATRIMONIAL 31-12-2019<\/p>\n","protected":false},"author":1,"featured_media":0,"parent":0,"menu_order":0,"comment_status":"closed","ping_status":"closed","template":"","meta":{"ngg_post_thumbnail":0,"footnotes":""},"class_list":["post-426","page","type-page","status-publish","hentry"],"_links":{"self":[{"href":"https:\/\/www.institutocegossantaluzia.com.br\/home\/wp-json\/wp\/v2\/pages\/426","targetHints":{"allow":["GET"]}}],"collection":[{"href":"https:\/\/www.institutocegossantaluzia.com.br\/home\/wp-json\/wp\/v2\/pages"}],"about":[{"href":"https:\/\/www.institutocegossantaluzia.com.br\/home\/wp-json\/wp\/v2\/types\/page"}],"author":[{"embeddable":true,"href":"https:\/\/www.institutocegossantaluzia.com.br\/home\/wp-json\/wp\/v2\/users\/1"}],"replies":[{"embeddable":true,"href":"https:\/\/www.institutocegossantaluzia.com.br\/home\/wp-json\/wp\/v2\/comments?post=426"}],"version-history":[{"count":0,"href":"https:\/\/www.institutocegossantaluzia.com.br\/home\/wp-json\/wp\/v2\/pages\/426\/revisions"}],"wp:attachment":[{"href":"https:\/\/www.institutocegossantaluzia.com.br\/home\/wp-json\/wp\/v2\/media?parent=426"}],"curies":[{"name":"wp","href":"https:\/\/api.w.org\/{rel}","templated":true}]}}