{"id":451,"date":"2021-03-10T23:23:42","date_gmt":"2021-03-11T02:23:42","guid":{"rendered":"https:\/\/www.institutocegossantaluzia.com.br\/home\/?page_id=451"},"modified":"2026-03-14T02:54:54","modified_gmt":"2026-03-14T05:54:54","slug":"quadro-de-funcionarios","status":"publish","type":"page","link":"https:\/\/www.institutocegossantaluzia.com.br\/home\/quadro-de-funcionarios\/","title":{"rendered":"QUADRO DE FUNCION\u00c1RIOS"},"content":{"rendered":"<p><a href=\"https:\/\/www.institutocegossantaluzia.com.br\/home\/wp-content\/uploads\/2026\/03\/QUADRO-FUNCIONARIOS-2025.pdf\" target=\"_blank\" rel=\"noopener\">QUADRO DE FUNCION\u00c1RIOS 2025<\/a><\/p>\n<p><a href=\"https:\/\/www.institutocegossantaluzia.com.br\/home\/wp-content\/uploads\/2025\/03\/QUADRO-FUNCIONARIOS-2024.pdf\" target=\"_blank\" rel=\"noopener\">QUADRO DE FUNCION\u00c1RIOS 2024<\/a><\/p>\n<p><a href=\"https:\/\/www.institutocegossantaluzia.com.br\/home\/wp-content\/uploads\/2024\/02\/QUADRO-FUNCIONARIOS-2023.pdf\" target=\"_blank\" rel=\"noopener\">QUADRO DE FUNCION\u00c1RIOS 2023<\/a><\/p>\n<p><a href=\"https:\/\/www.institutocegossantaluzia.com.br\/home\/wp-content\/uploads\/2023\/03\/DECLARACAO-DE-FUNCIONARIOS-2022.pdf\" target=\"_blank\" rel=\"noopener\">DECLARA\u00c7\u00c3O DE FUNCION\u00c1RIOS 2022<\/a><\/p>\n<p><a href=\"https:\/\/www.institutocegossantaluzia.com.br\/home\/wp-content\/uploads\/2022\/03\/Declaracao-Funcionarios-vinculado-termo-fomento-2021.pdf\" target=\"_blank\" rel=\"noopener\">TERMO FOMENTO 005 2021<\/a><\/p>\n<p><a href=\"https:\/\/www.institutocegossantaluzia.com.br\/home\/wp-content\/uploads\/2022\/03\/Quadro-de-Funcionarios-2021.pdf\" target=\"_blank\" rel=\"noopener\">DECLARA\u00c7\u00c3O DE FUNCION\u00c1RIOS 2021<\/a><\/p>\n<p><a href=\"https:\/\/www.institutocegossantaluzia.com.br\/home\/wp-content\/uploads\/2021\/03\/DECLARACAO-DE-FUNCIONARIOS-2020.pdf\" target=\"_blank\" rel=\"noopener noreferrer\">DECLARA\u00c7\u00c3O DE FUNCION\u00c1RIOS 2020<\/a><\/p>\n<p><a href=\"https:\/\/www.institutocegossantaluzia.com.br\/home\/wp-content\/uploads\/2020\/05\/QUADRO-FUNCIONARIOS.pdf\" target=\"_blank\" rel=\"noopener noreferrer\">QUADRO DE FUNCION\u00c1RIOS<\/a><\/p>\n","protected":false},"excerpt":{"rendered":"<p>QUADRO DE FUNCION\u00c1RIOS 2025 QUADRO DE FUNCION\u00c1RIOS 2024 QUADRO DE FUNCION\u00c1RIOS 2023 DECLARA\u00c7\u00c3O DE FUNCION\u00c1RIOS 2022 TERMO FOMENTO 005 2021 DECLARA\u00c7\u00c3O DE FUNCION\u00c1RIOS 2021 DECLARA\u00c7\u00c3O DE FUNCION\u00c1RIOS 2020 QUADRO DE FUNCION\u00c1RIOS<\/p>\n","protected":false},"author":1,"featured_media":0,"parent":0,"menu_order":0,"comment_status":"closed","ping_status":"closed","template":"","meta":{"ngg_post_thumbnail":0,"footnotes":""},"class_list":["post-451","page","type-page","status-publish","hentry"],"_links":{"self":[{"href":"https:\/\/www.institutocegossantaluzia.com.br\/home\/wp-json\/wp\/v2\/pages\/451","targetHints":{"allow":["GET"]}}],"collection":[{"href":"https:\/\/www.institutocegossantaluzia.com.br\/home\/wp-json\/wp\/v2\/pages"}],"about":[{"href":"https:\/\/www.institutocegossantaluzia.com.br\/home\/wp-json\/wp\/v2\/types\/page"}],"author":[{"embeddable":true,"href":"https:\/\/www.institutocegossantaluzia.com.br\/home\/wp-json\/wp\/v2\/users\/1"}],"replies":[{"embeddable":true,"href":"https:\/\/www.institutocegossantaluzia.com.br\/home\/wp-json\/wp\/v2\/comments?post=451"}],"version-history":[{"count":1,"href":"https:\/\/www.institutocegossantaluzia.com.br\/home\/wp-json\/wp\/v2\/pages\/451\/revisions"}],"predecessor-version":[{"id":870,"href":"https:\/\/www.institutocegossantaluzia.com.br\/home\/wp-json\/wp\/v2\/pages\/451\/revisions\/870"}],"wp:attachment":[{"href":"https:\/\/www.institutocegossantaluzia.com.br\/home\/wp-json\/wp\/v2\/media?parent=451"}],"curies":[{"name":"wp","href":"https:\/\/api.w.org\/{rel}","templated":true}]}}