{"id":509,"date":"2021-12-19T18:55:24","date_gmt":"2021-12-19T21:55:24","guid":{"rendered":"https:\/\/www.institutocegossantaluzia.com.br\/home\/?page_id=509"},"modified":"2021-12-19T19:05:35","modified_gmt":"2021-12-19T22:05:35","slug":"prestacao-de-contas-reprogramado-2021-de-16-08-2021-a-15-09-2021","status":"publish","type":"page","link":"https:\/\/www.institutocegossantaluzia.com.br\/home\/prestacao-de-contas-reprogramado-2021-de-16-08-2021-a-15-09-2021\/","title":{"rendered":"PRESTA\u00c7\u00c3O DE CONTAS REPROGRAMADO 2021 DE 16\/08\/2021 \u00c0 15\/09\/2021"},"content":{"rendered":"\n<p><a href=\"https:\/\/www.institutocegossantaluzia.com.br\/home\/wp-content\/uploads\/2021\/12\/RP10-MUNICIPAL.pdf\" target=\"_blank\" rel=\"noreferrer noopener\">RP10 MUNICIPAL<\/a><\/p>\n\n\n\n<p><a href=\"https:\/\/www.institutocegossantaluzia.com.br\/home\/wp-content\/uploads\/2021\/12\/RP10-RECURSO-PROPRIO.pdf\" target=\"_blank\" rel=\"noreferrer noopener\">RP10 RECURSO PR\u00d3PRIO<\/a><\/p>\n\n\n\n<p><a href=\"https:\/\/www.institutocegossantaluzia.com.br\/home\/wp-content\/uploads\/2021\/12\/EXTRATO-PRESTACAO-CONTAS-16-08-A-15-09-2021.pdf\" data-type=\"URL\" data-id=\"https:\/\/www.institutocegossantaluzia.com.br\/home\/wp-content\/uploads\/2021\/12\/EXTRATO-PRESTACAO-CONTAS-16-08-A-15-09-2021.pdf\">EXTRATO PRESTA\u00c7\u00c3O CONTAS 16\/08<\/a><a href=\"https:\/\/www.institutocegossantaluzia.com.br\/home\/wp-content\/uploads\/2021\/12\/EXTRATO-PRESTACAO-CONTAS-16-08-A-15-09-2021.pdf\" data-type=\"URL\" data-id=\"https:\/\/www.institutocegossantaluzia.com.br\/home\/wp-content\/uploads\/2021\/12\/EXTRATO-PRESTACAO-CONTAS-16-08-A-15-09-2021.pdf\" target=\"_blank\" rel=\"noreferrer noopener\">\/<\/a><a href=\"https:\/\/www.institutocegossantaluzia.com.br\/home\/wp-content\/uploads\/2021\/12\/EXTRATO-PRESTACAO-CONTAS-16-08-A-15-09-2021.pdf\" data-type=\"URL\" data-id=\"https:\/\/www.institutocegossantaluzia.com.br\/home\/wp-content\/uploads\/2021\/12\/EXTRATO-PRESTACAO-CONTAS-16-08-A-15-09-2021.pdf\">2021 \u00c0 15\/09\/2021<\/a><\/p>\n","protected":false},"excerpt":{"rendered":"<p>RP10 MUNICIPAL RP10 RECURSO PR\u00d3PRIO EXTRATO PRESTA\u00c7\u00c3O CONTAS 16\/08\/2021 \u00c0 15\/09\/2021<\/p>\n","protected":false},"author":1,"featured_media":0,"parent":0,"menu_order":0,"comment_status":"closed","ping_status":"closed","template":"","meta":{"ngg_post_thumbnail":0,"footnotes":""},"class_list":["post-509","page","type-page","status-publish","hentry"],"_links":{"self":[{"href":"https:\/\/www.institutocegossantaluzia.com.br\/home\/wp-json\/wp\/v2\/pages\/509","targetHints":{"allow":["GET"]}}],"collection":[{"href":"https:\/\/www.institutocegossantaluzia.com.br\/home\/wp-json\/wp\/v2\/pages"}],"about":[{"href":"https:\/\/www.institutocegossantaluzia.com.br\/home\/wp-json\/wp\/v2\/types\/page"}],"author":[{"embeddable":true,"href":"https:\/\/www.institutocegossantaluzia.com.br\/home\/wp-json\/wp\/v2\/users\/1"}],"replies":[{"embeddable":true,"href":"https:\/\/www.institutocegossantaluzia.com.br\/home\/wp-json\/wp\/v2\/comments?post=509"}],"version-history":[{"count":0,"href":"https:\/\/www.institutocegossantaluzia.com.br\/home\/wp-json\/wp\/v2\/pages\/509\/revisions"}],"wp:attachment":[{"href":"https:\/\/www.institutocegossantaluzia.com.br\/home\/wp-json\/wp\/v2\/media?parent=509"}],"curies":[{"name":"wp","href":"https:\/\/api.w.org\/{rel}","templated":true}]}}