{"id":531,"date":"2022-03-09T15:49:09","date_gmt":"2022-03-09T18:49:09","guid":{"rendered":"https:\/\/www.institutocegossantaluzia.com.br\/home\/?page_id=531"},"modified":"2022-03-09T16:00:42","modified_gmt":"2022-03-09T19:00:42","slug":"prestacao-de-contas-do-3-quadrimestre-2021","status":"publish","type":"page","link":"https:\/\/www.institutocegossantaluzia.com.br\/home\/prestacao-de-contas-do-3-quadrimestre-2021\/","title":{"rendered":"PRESTA\u00c7\u00c3O DE CONTAS DO 3\u00b0 QUADRIMESTRE 2021"},"content":{"rendered":"<p><a href=\"https:\/\/www.institutocegossantaluzia.com.br\/home\/wp-content\/uploads\/2022\/03\/DEMONSTRATIVO-MOD-2-01_01_2021-A-31_12_2021.pdf\" target=\"_blank\" rel=\"noopener\">DEMONSTRATIVO MOD 2 01_01_2021 \u00c1 31_12_2021<\/a><\/p>\n<p><a href=\"https:\/\/www.institutocegossantaluzia.com.br\/home\/wp-content\/uploads\/2022\/03\/DEMONSTRATIVO-MOD-2-01_09-2021-A-31_12_2021.pdf\" target=\"_blank\" rel=\"noopener\">DEMONSTRATIVO MOD 2 01_09 2021 \u00c1 31_12_2021<\/a><\/p>\n<p><a href=\"https:\/\/www.institutocegossantaluzia.com.br\/home\/wp-content\/uploads\/2022\/03\/RP-10-FEDERAL.pdf\" target=\"_blank\" rel=\"noopener\">RP 10 FEDERAL<\/a><\/p>\n<p><a href=\"https:\/\/www.institutocegossantaluzia.com.br\/home\/wp-content\/uploads\/2022\/03\/RP-10-MUNICIPAL.pdf\" target=\"_blank\" rel=\"noopener\">RP 10 MUNICIPAL<\/a><\/p>\n<p><a href=\"https:\/\/www.institutocegossantaluzia.com.br\/home\/wp-content\/uploads\/2022\/03\/RP-10-RECURSO-PROPRIO.pdf\" target=\"_blank\" rel=\"noopener\">RP 10 RECURSO PR\u00d3PRIO<\/a><\/p>\n","protected":false},"excerpt":{"rendered":"<p>DEMONSTRATIVO MOD 2 01_01_2021 \u00c1 31_12_2021 DEMONSTRATIVO MOD 2 01_09 2021 \u00c1 31_12_2021 RP 10 FEDERAL RP 10 MUNICIPAL RP 10 RECURSO PR\u00d3PRIO<\/p>\n","protected":false},"author":1,"featured_media":0,"parent":0,"menu_order":0,"comment_status":"closed","ping_status":"closed","template":"","meta":{"ngg_post_thumbnail":0,"footnotes":""},"class_list":["post-531","page","type-page","status-publish","hentry"],"_links":{"self":[{"href":"https:\/\/www.institutocegossantaluzia.com.br\/home\/wp-json\/wp\/v2\/pages\/531","targetHints":{"allow":["GET"]}}],"collection":[{"href":"https:\/\/www.institutocegossantaluzia.com.br\/home\/wp-json\/wp\/v2\/pages"}],"about":[{"href":"https:\/\/www.institutocegossantaluzia.com.br\/home\/wp-json\/wp\/v2\/types\/page"}],"author":[{"embeddable":true,"href":"https:\/\/www.institutocegossantaluzia.com.br\/home\/wp-json\/wp\/v2\/users\/1"}],"replies":[{"embeddable":true,"href":"https:\/\/www.institutocegossantaluzia.com.br\/home\/wp-json\/wp\/v2\/comments?post=531"}],"version-history":[{"count":0,"href":"https:\/\/www.institutocegossantaluzia.com.br\/home\/wp-json\/wp\/v2\/pages\/531\/revisions"}],"wp:attachment":[{"href":"https:\/\/www.institutocegossantaluzia.com.br\/home\/wp-json\/wp\/v2\/media?parent=531"}],"curies":[{"name":"wp","href":"https:\/\/api.w.org\/{rel}","templated":true}]}}