{"id":567,"date":"2022-06-06T22:35:48","date_gmt":"2022-06-07T01:35:48","guid":{"rendered":"https:\/\/www.institutocegossantaluzia.com.br\/home\/?page_id=567"},"modified":"2022-06-06T22:42:11","modified_gmt":"2022-06-07T01:42:11","slug":"prestacao-de-contas-do-1-quadrimestre-2022","status":"publish","type":"page","link":"https:\/\/www.institutocegossantaluzia.com.br\/home\/prestacao-de-contas-do-1-quadrimestre-2022\/","title":{"rendered":"PRESTA\u00c7\u00c3O DE CONTAS DO 1\u00b0 QUADRIMESTRE 2022"},"content":{"rendered":"\n<p><a href=\"https:\/\/www.institutocegossantaluzia.com.br\/home\/wp-content\/uploads\/2022\/06\/RP-10-FEDERAL-2022.pdf\" target=\"_blank\" rel=\"noreferrer noopener\">RP 10 FEDERAL<\/a><\/p>\n\n\n\n<p><a href=\"https:\/\/www.institutocegossantaluzia.com.br\/home\/wp-content\/uploads\/2022\/06\/RP-10-MUNICIPAL-2022.pdf\" target=\"_blank\" rel=\"noreferrer noopener\">RP 10 MUNICIPAL<\/a><\/p>\n\n\n\n<p><a href=\"https:\/\/www.institutocegossantaluzia.com.br\/home\/wp-content\/uploads\/2022\/06\/RP-10-RECURSO-PROPRIO-2022.pdf\" target=\"_blank\" rel=\"noreferrer noopener\">RP 10 RECURSO PR\u00d3PRIO<\/a><\/p>\n\n\n\n<p><a href=\"https:\/\/www.institutocegossantaluzia.com.br\/home\/wp-content\/uploads\/2022\/06\/EXTRATO-PRESTACAO-CONTAS-01-A-04-2022.pdf\" target=\"_blank\" rel=\"noreferrer noopener\">EXTRATO DE PRESTA\u00c7\u00c3O DE CONTAS DE 01\/2022 \u00c0 04\/2022<\/a><\/p>\n","protected":false},"excerpt":{"rendered":"<p>RP 10 FEDERAL RP 10 MUNICIPAL RP 10 RECURSO PR\u00d3PRIO EXTRATO DE PRESTA\u00c7\u00c3O DE CONTAS DE 01\/2022 \u00c0 04\/2022<\/p>\n","protected":false},"author":1,"featured_media":0,"parent":0,"menu_order":0,"comment_status":"closed","ping_status":"closed","template":"","meta":{"ngg_post_thumbnail":0,"footnotes":""},"class_list":["post-567","page","type-page","status-publish","hentry"],"_links":{"self":[{"href":"https:\/\/www.institutocegossantaluzia.com.br\/home\/wp-json\/wp\/v2\/pages\/567","targetHints":{"allow":["GET"]}}],"collection":[{"href":"https:\/\/www.institutocegossantaluzia.com.br\/home\/wp-json\/wp\/v2\/pages"}],"about":[{"href":"https:\/\/www.institutocegossantaluzia.com.br\/home\/wp-json\/wp\/v2\/types\/page"}],"author":[{"embeddable":true,"href":"https:\/\/www.institutocegossantaluzia.com.br\/home\/wp-json\/wp\/v2\/users\/1"}],"replies":[{"embeddable":true,"href":"https:\/\/www.institutocegossantaluzia.com.br\/home\/wp-json\/wp\/v2\/comments?post=567"}],"version-history":[{"count":0,"href":"https:\/\/www.institutocegossantaluzia.com.br\/home\/wp-json\/wp\/v2\/pages\/567\/revisions"}],"wp:attachment":[{"href":"https:\/\/www.institutocegossantaluzia.com.br\/home\/wp-json\/wp\/v2\/media?parent=567"}],"curies":[{"name":"wp","href":"https:\/\/api.w.org\/{rel}","templated":true}]}}