{"id":628,"date":"2023-03-02T01:34:28","date_gmt":"2023-03-02T04:34:28","guid":{"rendered":"https:\/\/www.institutocegossantaluzia.com.br\/home\/?page_id=628"},"modified":"2025-03-31T23:00:21","modified_gmt":"2025-04-01T02:00:21","slug":"relacao-nominal-dos-dirigentes","status":"publish","type":"page","link":"https:\/\/www.institutocegossantaluzia.com.br\/home\/relacao-nominal-dos-dirigentes\/","title":{"rendered":"RELA\u00c7\u00c3O NOMINAL DOS DIRIGENTES"},"content":{"rendered":"<p><a href=\"https:\/\/www.institutocegossantaluzia.com.br\/home\/wp-content\/uploads\/2025\/03\/CERTIDAO-DIRIGENTES.pdf\" target=\"_blank\" rel=\"noopener\">RELA\u00c7\u00c3O NOMINAL DOS DIRIGENTES 2024<\/a><\/p>\n<p><a href=\"https:\/\/www.institutocegossantaluzia.com.br\/home\/wp-content\/uploads\/2023\/05\/RELACAO-DOS-DIRIGENTES-2023.pdf\" target=\"_blank\" rel=\"noopener\">RELA\u00c7\u00c3O NOMINAL DOS DIRIGENTES 2023<\/a><\/p>\n<p><a href=\"https:\/\/www.institutocegossantaluzia.com.br\/home\/wp-content\/uploads\/2023\/03\/RELACAO-DOS-DIRIGENTES-2022.pdf\" target=\"_blank\" rel=\"noopener\">RELA\u00c7\u00c3O NOMINAL DOS DIRIGENTES 2022<\/a><\/p>\n<p><a href=\"https:\/\/www.institutocegossantaluzia.com.br\/home\/wp-content\/uploads\/2023\/03\/RELACAO-DOS-DIRIGENTES-2021.pdf\" target=\"_blank\" rel=\"noopener\">RELA\u00c7\u00c3O NOMINAL DOS DIRIGENTES 2021<\/a><\/p>\n<p><a href=\"https:\/\/www.institutocegossantaluzia.com.br\/home\/wp-content\/uploads\/2021\/03\/RELACAO-DIRIGENTES.pdf\" target=\"_blank\" rel=\"noopener\">RELA\u00c7\u00c3O NOMINAL DOS DIRIGENTES 2020<\/a><\/p>\n","protected":false},"excerpt":{"rendered":"<p>RELA\u00c7\u00c3O NOMINAL DOS DIRIGENTES 2024 RELA\u00c7\u00c3O NOMINAL DOS DIRIGENTES 2023 RELA\u00c7\u00c3O NOMINAL DOS DIRIGENTES 2022 RELA\u00c7\u00c3O NOMINAL DOS DIRIGENTES 2021 RELA\u00c7\u00c3O NOMINAL DOS DIRIGENTES 2020<\/p>\n","protected":false},"author":1,"featured_media":0,"parent":0,"menu_order":0,"comment_status":"closed","ping_status":"closed","template":"","meta":{"ngg_post_thumbnail":0,"footnotes":""},"class_list":["post-628","page","type-page","status-publish","hentry"],"_links":{"self":[{"href":"https:\/\/www.institutocegossantaluzia.com.br\/home\/wp-json\/wp\/v2\/pages\/628","targetHints":{"allow":["GET"]}}],"collection":[{"href":"https:\/\/www.institutocegossantaluzia.com.br\/home\/wp-json\/wp\/v2\/pages"}],"about":[{"href":"https:\/\/www.institutocegossantaluzia.com.br\/home\/wp-json\/wp\/v2\/types\/page"}],"author":[{"embeddable":true,"href":"https:\/\/www.institutocegossantaluzia.com.br\/home\/wp-json\/wp\/v2\/users\/1"}],"replies":[{"embeddable":true,"href":"https:\/\/www.institutocegossantaluzia.com.br\/home\/wp-json\/wp\/v2\/comments?post=628"}],"version-history":[{"count":0,"href":"https:\/\/www.institutocegossantaluzia.com.br\/home\/wp-json\/wp\/v2\/pages\/628\/revisions"}],"wp:attachment":[{"href":"https:\/\/www.institutocegossantaluzia.com.br\/home\/wp-json\/wp\/v2\/media?parent=628"}],"curies":[{"name":"wp","href":"https:\/\/api.w.org\/{rel}","templated":true}]}}