{"id":656,"date":"2023-06-24T00:32:33","date_gmt":"2023-06-24T03:32:33","guid":{"rendered":"https:\/\/www.institutocegossantaluzia.com.br\/home\/?page_id=656"},"modified":"2023-06-24T00:39:40","modified_gmt":"2023-06-24T03:39:40","slug":"prestacao-de-contas-do-1-quadrimestre-2023","status":"publish","type":"page","link":"https:\/\/www.institutocegossantaluzia.com.br\/home\/prestacao-de-contas-do-1-quadrimestre-2023\/","title":{"rendered":"PRESTA\u00c7\u00c3O DE CONTAS DO 1\u00b0 QUADRIMESTRE 2023"},"content":{"rendered":"\n<p><a rel=\"noreferrer noopener\" href=\"https:\/\/www.institutocegossantaluzia.com.br\/home\/wp-content\/uploads\/2023\/06\/ANEXO-RP10-FEDERAL2023.pdf\" target=\"_blank\">RP 10 FEDERAL 2023<\/a><\/p>\n\n\n\n<p><a rel=\"noreferrer noopener\" href=\"https:\/\/www.institutocegossantaluzia.com.br\/home\/wp-content\/uploads\/2023\/06\/ANEXO-RP10-MUNICIPAL-2023.pdf\" target=\"_blank\">RP 10 MUNICIPAL 2023<\/a> 2023<\/p>\n\n\n\n<p><a rel=\"noreferrer noopener\" href=\"https:\/\/www.institutocegossantaluzia.com.br\/home\/wp-content\/uploads\/2023\/06\/ANEXO-RP10-RECURSO-PROPRIO-2023.pdf\" target=\"_blank\">RP 10 RECURSO PR\u00d3PRIO 2023<\/a><\/p>\n\n\n\n<p><a rel=\"noreferrer noopener\" href=\"https:\/\/www.institutocegossantaluzia.com.br\/home\/wp-content\/uploads\/2023\/06\/EXTRATO-PRESTACAO-CONTAS-01-01-2023-A-30-04-2023.pdf\" target=\"_blank\">EXTRATO PRESTA\u00c7\u00c3O CONTAS 01 01 2023 A 30 04 2023<\/a><\/p>\n","protected":false},"excerpt":{"rendered":"<p>RP 10 FEDERAL 2023 RP 10 MUNICIPAL 2023 2023 RP 10 RECURSO PR\u00d3PRIO 2023 EXTRATO PRESTA\u00c7\u00c3O CONTAS 01 01 2023 A 30 04 2023<\/p>\n","protected":false},"author":1,"featured_media":0,"parent":0,"menu_order":0,"comment_status":"closed","ping_status":"closed","template":"","meta":{"ngg_post_thumbnail":0,"footnotes":""},"class_list":["post-656","page","type-page","status-publish","hentry"],"_links":{"self":[{"href":"https:\/\/www.institutocegossantaluzia.com.br\/home\/wp-json\/wp\/v2\/pages\/656","targetHints":{"allow":["GET"]}}],"collection":[{"href":"https:\/\/www.institutocegossantaluzia.com.br\/home\/wp-json\/wp\/v2\/pages"}],"about":[{"href":"https:\/\/www.institutocegossantaluzia.com.br\/home\/wp-json\/wp\/v2\/types\/page"}],"author":[{"embeddable":true,"href":"https:\/\/www.institutocegossantaluzia.com.br\/home\/wp-json\/wp\/v2\/users\/1"}],"replies":[{"embeddable":true,"href":"https:\/\/www.institutocegossantaluzia.com.br\/home\/wp-json\/wp\/v2\/comments?post=656"}],"version-history":[{"count":0,"href":"https:\/\/www.institutocegossantaluzia.com.br\/home\/wp-json\/wp\/v2\/pages\/656\/revisions"}],"wp:attachment":[{"href":"https:\/\/www.institutocegossantaluzia.com.br\/home\/wp-json\/wp\/v2\/media?parent=656"}],"curies":[{"name":"wp","href":"https:\/\/api.w.org\/{rel}","templated":true}]}}