{"id":669,"date":"2023-10-04T20:51:53","date_gmt":"2023-10-04T23:51:53","guid":{"rendered":"https:\/\/www.institutocegossantaluzia.com.br\/home\/?page_id=669"},"modified":"2023-10-04T21:02:03","modified_gmt":"2023-10-05T00:02:03","slug":"prestacao-de-contas-do-2-quadrimestre-2023","status":"publish","type":"page","link":"https:\/\/www.institutocegossantaluzia.com.br\/home\/prestacao-de-contas-do-2-quadrimestre-2023\/","title":{"rendered":"PRESTA\u00c7\u00c3O DE CONTAS DO 2\u00b0 QUADRIMESTRE 2023"},"content":{"rendered":"\n<p><a href=\"https:\/\/www.institutocegossantaluzia.com.br\/home\/wp-content\/uploads\/2023\/10\/RP-10-UNIAO-2023.pdf\" target=\"_blank\" rel=\"noreferrer noopener\">RP-10 UNI\u00c3O 2023<\/a><\/p>\n\n\n\n<p><a href=\"https:\/\/www.institutocegossantaluzia.com.br\/home\/wp-content\/uploads\/2023\/10\/RP-10-MUNICIPAL-2023.pdf\" target=\"_blank\" rel=\"noreferrer noopener\">RP-10 MUNICIPAL 2023<\/a><\/p>\n\n\n\n<p><a href=\"https:\/\/www.institutocegossantaluzia.com.br\/home\/wp-content\/uploads\/2023\/10\/RP-10-RECURSO-PROPRIO-2023.pdf\" target=\"_blank\" rel=\"noreferrer noopener\">RP-10 RECURSO PR\u00d3PRIO 2023<\/a><\/p>\n\n\n\n<p><a href=\"https:\/\/www.institutocegossantaluzia.com.br\/home\/wp-content\/uploads\/2023\/10\/EXTRATO-PRESTACAO-CONTAS-01-05-A-31-08-2023.pdf\" target=\"_blank\" rel=\"noreferrer noopener\">EXTRATO PRESTA\u00c7\u00c3O CONTAS 01 05 A 31 08 2023<\/a><\/p>\n","protected":false},"excerpt":{"rendered":"<p>RP-10 UNI\u00c3O 2023 RP-10 MUNICIPAL 2023 RP-10 RECURSO PR\u00d3PRIO 2023 EXTRATO PRESTA\u00c7\u00c3O CONTAS 01 05 A 31 08 2023<\/p>\n","protected":false},"author":1,"featured_media":0,"parent":0,"menu_order":0,"comment_status":"closed","ping_status":"closed","template":"","meta":{"ngg_post_thumbnail":0,"footnotes":""},"class_list":["post-669","page","type-page","status-publish","hentry"],"_links":{"self":[{"href":"https:\/\/www.institutocegossantaluzia.com.br\/home\/wp-json\/wp\/v2\/pages\/669","targetHints":{"allow":["GET"]}}],"collection":[{"href":"https:\/\/www.institutocegossantaluzia.com.br\/home\/wp-json\/wp\/v2\/pages"}],"about":[{"href":"https:\/\/www.institutocegossantaluzia.com.br\/home\/wp-json\/wp\/v2\/types\/page"}],"author":[{"embeddable":true,"href":"https:\/\/www.institutocegossantaluzia.com.br\/home\/wp-json\/wp\/v2\/users\/1"}],"replies":[{"embeddable":true,"href":"https:\/\/www.institutocegossantaluzia.com.br\/home\/wp-json\/wp\/v2\/comments?post=669"}],"version-history":[{"count":0,"href":"https:\/\/www.institutocegossantaluzia.com.br\/home\/wp-json\/wp\/v2\/pages\/669\/revisions"}],"wp:attachment":[{"href":"https:\/\/www.institutocegossantaluzia.com.br\/home\/wp-json\/wp\/v2\/media?parent=669"}],"curies":[{"name":"wp","href":"https:\/\/api.w.org\/{rel}","templated":true}]}}