{"id":7,"date":"2018-08-12T20:56:44","date_gmt":"2018-08-12T23:56:44","guid":{"rendered":"http:\/\/institutocegossantaluzia.com.br\/home\/?page_id=7"},"modified":"2026-03-27T02:43:19","modified_gmt":"2026-03-27T05:43:19","slug":"doacoes","status":"publish","type":"page","link":"https:\/\/www.institutocegossantaluzia.com.br\/home\/doacoes\/","title":{"rendered":"DOA\u00c7\u00d5ES"},"content":{"rendered":"<p><strong>QUER AJUDAR?<\/strong><\/p>\n<p><em>Seja um volunt\u00e1rio e avise a um amigo sobre este site.<\/em><\/p>\n<p><a class=\"email\" href=\"mailto:institutoata@gmail.com\">institutoata@gmail.com<\/a><\/p>\n<p><a class=\"email\" href=\"mailto:contato@institutocegossantaluzia.com.br\">contato@institutocegossantaluzia.com.br<\/a><\/p>\n<p><strong>Fa\u00e7a sua doa\u00e7\u00e3o<\/strong><\/p>\n<p><em>Doe alimentos, roupas, objetos, direto na Institui\u00e7\u00e3o no seguinte endere\u00e7o:<\/em><\/p>\n<p><img loading=\"lazy\" decoding=\"async\" class=\"alignnone size-large wp-image-321\" src=\"https:\/\/www.institutocegossantaluzia.com.br\/home\/wp-content\/uploads\/2020\/04\/capa-instituto-cegos-1024x811.jpg\" alt=\"\" width=\"780\" height=\"618\" srcset=\"https:\/\/www.institutocegossantaluzia.com.br\/home\/wp-content\/uploads\/2020\/04\/capa-instituto-cegos-1024x811.jpg 1024w, https:\/\/www.institutocegossantaluzia.com.br\/home\/wp-content\/uploads\/2020\/04\/capa-instituto-cegos-300x238.jpg 300w, https:\/\/www.institutocegossantaluzia.com.br\/home\/wp-content\/uploads\/2020\/04\/capa-instituto-cegos-768x608.jpg 768w, https:\/\/www.institutocegossantaluzia.com.br\/home\/wp-content\/uploads\/2020\/04\/capa-instituto-cegos.jpg 1080w\" sizes=\"auto, (max-width: 780px) 100vw, 780px\" \/><\/p>\n","protected":false},"excerpt":{"rendered":"<p>QUER AJUDAR? Seja um volunt\u00e1rio e avise a um amigo sobre este site. institutoata@gmail.com contato@institutocegossantaluzia.com.br Fa\u00e7a sua doa\u00e7\u00e3o Doe alimentos, roupas, objetos, direto na Institui\u00e7\u00e3o no seguinte endere\u00e7o:<\/p>\n","protected":false},"author":1,"featured_media":321,"parent":0,"menu_order":0,"comment_status":"closed","ping_status":"closed","template":"","meta":{"ngg_post_thumbnail":0,"footnotes":""},"class_list":["post-7","page","type-page","status-publish","has-post-thumbnail","hentry"],"_links":{"self":[{"href":"https:\/\/www.institutocegossantaluzia.com.br\/home\/wp-json\/wp\/v2\/pages\/7","targetHints":{"allow":["GET"]}}],"collection":[{"href":"https:\/\/www.institutocegossantaluzia.com.br\/home\/wp-json\/wp\/v2\/pages"}],"about":[{"href":"https:\/\/www.institutocegossantaluzia.com.br\/home\/wp-json\/wp\/v2\/types\/page"}],"author":[{"embeddable":true,"href":"https:\/\/www.institutocegossantaluzia.com.br\/home\/wp-json\/wp\/v2\/users\/1"}],"replies":[{"embeddable":true,"href":"https:\/\/www.institutocegossantaluzia.com.br\/home\/wp-json\/wp\/v2\/comments?post=7"}],"version-history":[{"count":1,"href":"https:\/\/www.institutocegossantaluzia.com.br\/home\/wp-json\/wp\/v2\/pages\/7\/revisions"}],"predecessor-version":[{"id":911,"href":"https:\/\/www.institutocegossantaluzia.com.br\/home\/wp-json\/wp\/v2\/pages\/7\/revisions\/911"}],"wp:featuredmedia":[{"embeddable":true,"href":"https:\/\/www.institutocegossantaluzia.com.br\/home\/wp-json\/wp\/v2\/media\/321"}],"wp:attachment":[{"href":"https:\/\/www.institutocegossantaluzia.com.br\/home\/wp-json\/wp\/v2\/media?parent=7"}],"curies":[{"name":"wp","href":"https:\/\/api.w.org\/{rel}","templated":true}]}}